{"id":611,"date":"2019-05-16T06:57:55","date_gmt":"2019-05-16T06:57:55","guid":{"rendered":"http:\/\/192.168.0.114\/johnfirm\/?page_id=611"},"modified":"2025-11-16T20:24:08","modified_gmt":"2025-11-16T20:24:08","slug":"practice-areas","status":"publish","type":"page","link":"https:\/\/avocatultau.md\/?page_id=611","title":{"rendered":"Serviciile noastre"},"content":{"rendered":"<div class=\"wpb-content-wrapper\"><p>[vc_row full_width=&#8221;stretch_row&#8221; equal_height=&#8221;yes&#8221; css=&#8221;.vc_custom_1561359893718{padding-top: 85px !important;padding-bottom: 120px !important;background-color: #1f2839 !important;}&#8221; el_class=&#8221;mob-plr15&#8243;][vc_column css=&#8221;.vc_custom_1561631581853{margin-bottom: 0px !important;padding-bottom: 0px !important;}&#8221;][vc_row_inner][vc_column_inner width=&#8221;1\/3&#8243;]<div class=\"rs-services\"><div class=\"service-inner services-style-home1 services-left  vc_custom_1762463418950 \">\r\n\t\t\t\t<div class=\"services-wrap\"> \r\n\t\t\t        <div class=\"services-item\"><div class=\"service-img-icon\"><img decoding=\"async\" src=\"https:\/\/avocatultau.md\/wp-content\/uploads\/2025\/11\/admin-ajax-200x200-1.png\" alt=\" \"><\/div><div class=\"services-desc\"  >\t\r\n\t\t\t\t\t\t\t<h3 class=\"services-title services-title2\" style=\"\"><a data-onhovercolor=\"#b69d74\" data-onleavecolor=\"#ffffff\" href=\"https:\/\/avocatultau.md\/?page_id=372\" title=\"Afl\u0103 mai multe\" style=\"color: #ffffff;font-size: 22px;\">Dreptul civil<\/a><\/h3>\t\t\r\n\t\t\t\t\t\t\t<p >Litigii privind obliga\u021biile contractuale, mo\u0219teniri, partajul averii, asisten\u021b\u0103 la \u00eencheierea contractelor \u0219.a.<\/p>\r\n\t\t\t\t\t\t\t\r\n\t\t\t\t\t\t<\/div>\t\t\r\n\t\t\t\t\t<\/div>\t\r\n\t\t\t\t<\/div>\r\n\t\t\t<\/div>\r\n\t\t<\/div>[\/vc_column_inner][vc_column_inner el_class=&#8221;dark-bg mobc-pt-30&#8243; width=&#8221;1\/3&#8243;]<div class=\"rs-services\"><div class=\"service-inner services-style-home1 services-left  \">\r\n\t\t\t\t<div class=\"services-wrap\"> \r\n\t\t\t        <div class=\"services-item\"><div class=\"service-img-icon\"><img decoding=\"async\" src=\"https:\/\/avocatultau.md\/wp-content\/uploads\/2019\/06\/corporate-security.png\" alt=\" \"><\/div><div class=\"services-desc\"  >\t\r\n\t\t\t\t\t\t\t<h3 class=\"services-title services-title2\" style=\"\"><a data-onhovercolor=\"#b69d74\" data-onleavecolor=\"#ffffff\" href=\"https:\/\/avocatultau.md\/?page_id=364\" title=\"Afl\u0103 mai multe\" style=\"color: #ffffff;font-size: 22px;\">Dreptul contraven\u021bional<\/a><\/h3>\t\t\r\n\t\t\t\t\t\t\t<p >Reprezent\u0103m p\u0103r\u021bile \u00een procesele contraven\u021bionale, contestarea proceselor \u2013 verbale \u0219.a.<\/p>\r\n\t\t\t\t\t\t\t\r\n\t\t\t\t\t\t<\/div>\t\t\r\n\t\t\t\t\t<\/div>\t\r\n\t\t\t\t<\/div>\r\n\t\t\t<\/div>\r\n\t\t<\/div>[\/vc_column_inner][vc_column_inner el_class=&#8221;mobc-pt-30&#8243; width=&#8221;1\/3&#8243;]<div class=\"rs-services\"><div class=\"service-inner services-style-home1 services-left  vc_custom_1762716770823 \">\r\n\t\t\t\t<div class=\"services-wrap\"> \r\n\t\t\t        <div class=\"services-item\"><div class=\"service-img-icon\"><img decoding=\"async\" src=\"https:\/\/avocatultau.md\/wp-content\/uploads\/2019\/06\/business-law.png\" alt=\" \"><\/div><div class=\"services-desc\"  >\t\r\n\t\t\t\t\t\t\t<h3 class=\"services-title services-title2\" style=\"\"><a data-onhovercolor=\"#b69d74\" data-onleavecolor=\"#ffffff\" href=\"https:\/\/avocatultau.md\/?page_id=858\" title=\"Afl\u0103 mai multe\" style=\"color: #ffffff;font-size: 22px;\">Dreptul administrativ<\/a><\/h3>\t\t\r\n\t\t\t\t\t\t\t<p >Oferim asisten\u021b\u0103 juridic\u0103 calificat\u0103 \u00een toate etapele procedurii administrative, nu doar \u00een fa\u021ba instan\u021bei de judecat\u0103.<\/p>\r\n\t\t\t\t\t\t\t\r\n\t\t\t\t\t\t<\/div>\t\t\r\n\t\t\t\t\t<\/div>\t\r\n\t\t\t\t<\/div>\r\n\t\t\t<\/div>\r\n\t\t<\/div>[\/vc_column_inner][\/vc_row_inner][vc_row_inner css=&#8221;.vc_custom_1561352167594{margin-top: 30px !important;}&#8221;][vc_column_inner width=&#8221;1\/3&#8243;]<div class=\"rs-services\"><div class=\"service-inner services-style-home1 services-left  \">\r\n\t\t\t\t<div class=\"services-wrap\"> \r\n\t\t\t        <div class=\"services-item\"><div class=\"service-img-icon\"><img decoding=\"async\" src=\"https:\/\/avocatultau.md\/wp-content\/uploads\/2019\/06\/family.png\" alt=\" \"><\/div><div class=\"services-desc\"  >\t\r\n\t\t\t\t\t\t\t<h3 class=\"services-title services-title2\" style=\"\"><a data-onhovercolor=\"#b69d74\" data-onleavecolor=\"#ffffff\" href=\"https:\/\/avocatultau.md\/?page_id=368\" title=\"Afl\u0103 mai multe\" style=\"color: #ffffff;font-size: 22px;\">Dreptul familiei<\/a><\/h3>\t\t\r\n\t\t\t\t\t\t\t<p >Divor\u021buri, stabilirea pensiei alimentare, custodia copilului, traversarea frontierei cu minorul, conven\u021bii matrimoniale \u0219.a.<\/p>\r\n\t\t\t\t\t\t\t\r\n\t\t\t\t\t\t<\/div>\t\t\r\n\t\t\t\t\t<\/div>\t\r\n\t\t\t\t<\/div>\r\n\t\t\t<\/div>\r\n\t\t<\/div>[\/vc_column_inner][vc_column_inner el_class=&#8221;dark-bg mobc-pt-30&#8243; width=&#8221;1\/3&#8243;]<div class=\"rs-services\"><div class=\"service-inner services-style-home1 services-left  vc_custom_1762895791722 \">\r\n\t\t\t\t<div class=\"services-wrap\"> \r\n\t\t\t        <div class=\"services-item\"><div class=\"service-img-icon\"><img decoding=\"async\" src=\"https:\/\/avocatultau.md\/wp-content\/uploads\/2019\/06\/personal-injury.png\" alt=\" \"><\/div><div class=\"services-desc\"  >\t\r\n\t\t\t\t\t\t\t<h3 class=\"services-title services-title2\" style=\"\"><a data-onhovercolor=\"#b69d74\" data-onleavecolor=\"#ffffff\" href=\"https:\/\/avocatultau.md\/?page_id=856\" title=\"Afl\u0103 mai multe\" style=\"color: #ffffff;font-size: 22px;\">Dreptul penal<\/a><\/h3>\t\t\r\n\t\t\t\t\t\t\t<p >\u00centr-un proces penal asisten\u021ba juridic\u0103 calificat\u0103 este necesar\u0103 at\u00e2t f\u0103ptuitorului c\u00e2t \u0219i victimei.<\/p>\r\n\t\t\t\t\t\t\t\r\n\t\t\t\t\t\t<\/div>\t\t\r\n\t\t\t\t\t<\/div>\t\r\n\t\t\t\t<\/div>\r\n\t\t\t<\/div>\r\n\t\t<\/div>[\/vc_column_inner][vc_column_inner el_class=&#8221;mobc-pt-30&#8243; width=&#8221;1\/3&#8243;]<div class=\"rs-services\"><div class=\"service-inner services-style-home1 services-left  vc_custom_1763324642204 \">\r\n\t\t\t\t<div class=\"services-wrap\"> \r\n\t\t\t        <div class=\"services-item\"><div class=\"service-img-icon\"><img decoding=\"async\" src=\"https:\/\/avocatultau.md\/wp-content\/uploads\/2019\/06\/real-estate.png\" alt=\" \"><\/div><div class=\"services-desc\"  >\t\r\n\t\t\t\t\t\t\t<h3 class=\"services-title services-title2\" style=\"\"><a data-onhovercolor=\"#b69d74\" data-onleavecolor=\"#ffffff\" href=\"https:\/\/avocatultau.md\/?page_id=370\" title=\"Afl\u0103 mai multe\" style=\"color: #ffffff;font-size: 22px;\">Drepturile reale<\/a><\/h3>\t\t\r\n\t\t\t\t\t\t\t<p >Oferim suport juridic la negocierea \u0219i semnarea acordurilor privind drepturile asupra\u00a0 imobilelor (dreptul de proprietate, de uzufruct \u0219.a.)<\/p>\r\n\t\t\t\t\t\t\t\r\n\t\t\t\t\t\t<\/div>\t\t\r\n\t\t\t\t\t<\/div>\t\r\n\t\t\t\t<\/div>\r\n\t\t\t<\/div>\r\n\t\t<\/div>[\/vc_column_inner][\/vc_row_inner][\/vc_column][\/vc_row]<\/p>\n<\/div>","protected":false},"excerpt":{"rendered":"<p>[vc_row full_width=&#8221;stretch_row&#8221; equal_height=&#8221;yes&#8221; css=&#8221;.vc_custom_1561359893718{padding-top: 85px !important;padding-bottom: 120px !important;background-color: #1f2839 !important;}&#8221; el_class=&#8221;mob-plr15&#8243;][vc_column css=&#8221;.vc_custom_1561631581853{margin-bottom: 0px !important;padding-bottom: 0px !important;}&#8221;][vc_row_inner][vc_column_inner width=&#8221;1\/3&#8243;][\/vc_column_inner][vc_column_inner el_class=&#8221;dark-bg mobc-pt-30&#8243; width=&#8221;1\/3&#8243;][\/vc_column_inner][vc_column_inner el_class=&#8221;mobc-pt-30&#8243; width=&#8221;1\/3&#8243;][\/vc_column_inner][\/vc_row_inner][vc_row_inner css=&#8221;.vc_custom_1561352167594{margin-top: 30px !important;}&#8221;][vc_column_inner width=&#8221;1\/3&#8243;][\/vc_column_inner][vc_column_inner el_class=&#8221;dark-bg mobc-pt-30&#8243; width=&#8221;1\/3&#8243;][\/vc_column_inner][vc_column_inner el_class=&#8221;mobc-pt-30&#8243; width=&#8221;1\/3&#8243;][\/vc_column_inner][\/vc_row_inner][\/vc_column]&#8230;<\/p>\n","protected":false},"author":1,"featured_media":0,"parent":0,"menu_order":0,"comment_status":"closed","ping_status":"closed","template":"","meta":{"om_disable_all_campaigns":false,"_monsterinsights_skip_tracking":false,"_monsterinsights_sitenote_active":false,"_monsterinsights_sitenote_note":"","_monsterinsights_sitenote_category":0,"footnotes":""},"class_list":["post-611","page","type-page","status-publish","hentry"],"aioseo_notices":[],"jetpack_sharing_enabled":true,"_links":{"self":[{"href":"https:\/\/avocatultau.md\/index.php?rest_route=\/wp\/v2\/pages\/611","targetHints":{"allow":["GET"]}}],"collection":[{"href":"https:\/\/avocatultau.md\/index.php?rest_route=\/wp\/v2\/pages"}],"about":[{"href":"https:\/\/avocatultau.md\/index.php?rest_route=\/wp\/v2\/types\/page"}],"author":[{"embeddable":true,"href":"https:\/\/avocatultau.md\/index.php?rest_route=\/wp\/v2\/users\/1"}],"replies":[{"embeddable":true,"href":"https:\/\/avocatultau.md\/index.php?rest_route=%2Fwp%2Fv2%2Fcomments&post=611"}],"version-history":[{"count":13,"href":"https:\/\/avocatultau.md\/index.php?rest_route=\/wp\/v2\/pages\/611\/revisions"}],"predecessor-version":[{"id":6115,"href":"https:\/\/avocatultau.md\/index.php?rest_route=\/wp\/v2\/pages\/611\/revisions\/6115"}],"wp:attachment":[{"href":"https:\/\/avocatultau.md\/index.php?rest_route=%2Fwp%2Fv2%2Fmedia&parent=611"}],"curies":[{"name":"wp","href":"https:\/\/api.w.org\/{rel}","templated":true}]}}