{"id":370,"date":"2019-05-13T04:43:03","date_gmt":"2019-05-13T04:43:03","guid":{"rendered":"http:\/\/192.168.0.114\/johnfirm\/?page_id=370"},"modified":"2025-11-16T20:23:33","modified_gmt":"2025-11-16T20:23:33","slug":"real-estate-law","status":"publish","type":"page","link":"https:\/\/avocatultau.md\/?page_id=370","title":{"rendered":"Drepturile reale"},"content":{"rendered":"<div class=\"wpb-content-wrapper\"><p>[vc_row el_class=&#8221;practice-sidebar-details&#8221;][vc_column width=&#8221;2\/3&#8243; css=&#8221;.vc_custom_1560234610274{padding-right: 45px !important;}&#8221;][vc_single_image image=&#8221;1041&#8243; img_size=&#8221;full&#8221;][vc_column_text css=&#8221;&#8221;]Bunurile mobile \u0219i imobile ocup\u0103 un loc important \u00een rela\u021biile interpersonale, de afaceri sau de familie.\u00a0 Drepturile referitoare la un automobil, un teren, o planta\u021bie, o construc\u021bie comercial\u0103, o cas\u0103 sau un apartament pot devenit obiectul unui litigiu dintre membrii unei familii, parteneri de afaceri sau vecini. Persoana fizic\u0103 sau juridic\u0103 poate fi titular\u0103 nu doar a dreptului de proprietate \u00een privin\u021ba unui bun, aceasta poate avea \u0219i alte drepturi, cu izvor \u0219i con\u021binut juridic diferit. Dreptul de uzufruct, dreptul de superficie, dreptul de servitute sunt doar unele din drepturile reale prev\u0103zute de lege.[\/vc_column_text][vc_row_inner el_class=&#8221;practice-areas-content&#8221; css=&#8221;.vc_custom_1560248434968{margin-right: 0px !important;margin-bottom: 40px !important;margin-left: 0px !important;padding-top: 5px !important;padding-right: 20px !important;padding-bottom: 15px !important;padding-left: 20px !important;background-color: #faf9f7 !important;}&#8221;][vc_column_inner]\r\n        <div class=\"rs-heading    \">\r\n        \t<div class=\"title-inner \">\r\n        \t\t       \t\t\r\n\t            \r\n\t            <h3 class=\"title \">De ce s\u0103 ne alegi pe noi?<\/h3>\r\n\t            <div class=\"title-img bottom-img\"><\/div>\r\n\t        <\/div><\/div>[vc_column_text css=&#8221;&#8221;]Oferim asisten\u021b\u0103 juridic\u0103 \u00een scopul solu\u021bion\u0103rii rapide \u0219i eficiente a litigiilor Dvs.[\/vc_column_text][\/vc_column_inner][vc_column_inner width=&#8221;1\/2&#8243; css=&#8221;.vc_custom_1560240780959{padding-top: 0px !important;}&#8221;]<div class=\"rs-services-style6  services-left  \" data-overlay=\"#222\" data-opacity=\"0.8\"  >\r\n\t\r\n\t<div class=\"services-item\">\r\n\t\t<div class=\"services-icon\" >\r\n\t\t\t<span style=\"\"><i class=\"vc_icon_element-icon \" style=\"color: #b69d74;\"><\/i><\/span>\r\n\t\t<\/div>\r\n\t\t<div class=\"services-desc\" >\r\n\t\t\t<h3 class=\"services-title\" style=\"\"><a  style=\"color: #b69d74;\" > Experien\u021b\u0103 <\/a><\/h3>\r\n\t\t\t<p >Experien\u021ba de peste 10 ani \u00een domeniul juridic constituie unul din avantajele pe care le punem \u00een serviciul clientului<\/p>\r\n\t\t<\/div>\r\n\t<\/div>\t\r\n<\/div><div class=\"rs-services-style6  services-left  \" data-overlay=\"#222\" data-opacity=\"0.8\"  >\r\n\t\r\n\t<div class=\"services-item\">\r\n\t\t<div class=\"services-icon\" >\r\n\t\t\t<span style=\"\"><i class=\"vc_icon_element-icon \" style=\"color: #b69d74;\"><\/i><\/span>\r\n\t\t<\/div>\r\n\t\t<div class=\"services-desc\" >\r\n\t\t\t<h3 class=\"services-title\" style=\"\"><a  style=\"color: #b69d74;\" > Consulta\u021bie gratuit\u0103 <\/a><\/h3>\r\n\t\t\t<p >Oferim consulta\u021bie juridic\u0103 gratuit\u0103 pentru problemele cu complexitate redus\u0103 care nu necesit\u0103 un studiu aprofundat al legisla\u021biei relevante<\/p>\r\n\t\t<\/div>\r\n\t<\/div>\t\r\n<\/div>[\/vc_column_inner][vc_column_inner width=&#8221;1\/2&#8243; css=&#8221;.vc_custom_1560240903055{padding-top: 0px !important;}&#8221;]<div class=\"rs-services-style6  services-left  vc_custom_1762896517990 \" data-overlay=\"#222\" data-opacity=\"0.8\"  >\r\n\t\r\n\t<div class=\"services-item\">\r\n\t\t<div class=\"services-icon\" >\r\n\t\t\t<span style=\"\"><i class=\"vc_icon_element-icon \" style=\"color: #b69d74;\"><\/i><\/span>\r\n\t\t<\/div>\r\n\t\t<div class=\"services-desc\" >\r\n\t\t\t<h3 class=\"services-title\" style=\"\"><a  style=\"color: #b69d74;\" > Receptivitate <\/a><\/h3>\r\n\t\t\t<p >Oferim suport juridic \u0219i solu\u021bii provizorii \u00een termeni restr\u00e2n\u0219i din momentul solicit\u0103rii recep\u021bionate<\/p>\r\n\t\t<\/div>\r\n\t<\/div>\t\r\n<\/div><div class=\"rs-services-style6  services-left  \" data-overlay=\"#222\" data-opacity=\"0.8\"  >\r\n\t\r\n\t<div class=\"services-item\">\r\n\t\t<div class=\"services-icon\" >\r\n\t\t\t<span style=\"\"><i class=\"vc_icon_element-icon \" style=\"color: #b69d74;\"><\/i><\/span>\r\n\t\t<\/div>\r\n\t\t<div class=\"services-desc\" >\r\n\t\t\t<h3 class=\"services-title\" style=\"\"><a  style=\"color: #b69d74;\" > Cost echilibrat <\/a><\/h3>\r\n\t\t\t<p >Pre\u021bul fiec\u0103rui contract de asisten\u021b\u0103 juridic\u0103 este negociat individual \u0219i corespunde volumului \u0219i complexit\u0103\u021bii reale ale litigiului<\/p>\r\n\t\t<\/div>\r\n\t<\/div>\t\r\n<\/div>[\/vc_column_inner][\/vc_row_inner][\/vc_column][vc_column width=&#8221;1\/3&#8243;]\n<div class=\"wpcf7 no-js\" id=\"wpcf7-f1482-o1\" lang=\"en-US\" dir=\"ltr\" data-wpcf7-id=\"1482\">\n<div class=\"screen-reader-response\"><p role=\"status\" aria-live=\"polite\" aria-atomic=\"true\"><\/p> <ul><\/ul><\/div>\n<form action=\"\/index.php?rest_route=%2Fwp%2Fv2%2Fpages%2F370#wpcf7-f1482-o1\" method=\"post\" class=\"wpcf7-form init\" aria-label=\"Contact form\" novalidate=\"novalidate\" data-status=\"init\">\n<fieldset class=\"hidden-fields-container\"><input type=\"hidden\" name=\"_wpcf7\" value=\"1482\" \/><input type=\"hidden\" name=\"_wpcf7_version\" value=\"6.1.3\" \/><input type=\"hidden\" name=\"_wpcf7_locale\" value=\"en_US\" \/><input type=\"hidden\" name=\"_wpcf7_unit_tag\" value=\"wpcf7-f1482-o1\" \/><input type=\"hidden\" name=\"_wpcf7_container_post\" value=\"0\" \/><input type=\"hidden\" name=\"_wpcf7_posted_data_hash\" value=\"\" \/>\n<\/fieldset>\n<div class=\"practice-areas-form\">\n\t<h3 class=\"widgettitle\">Solicit\u0103 o consulta\u021bie\n\t<\/h3>\n\t<p><span class=\"wpcf7-form-control-wrap\" data-name=\"your-name\"><input size=\"40\" maxlength=\"400\" class=\"wpcf7-form-control wpcf7-text wpcf7-validates-as-required\" aria-required=\"true\" aria-invalid=\"false\" placeholder=\"Numele dvs.\" value=\"\" type=\"text\" name=\"your-name\" \/><\/span><br \/>\n<span class=\"wpcf7-form-control-wrap\" data-name=\"your-email\"><input size=\"40\" maxlength=\"400\" class=\"wpcf7-form-control wpcf7-text wpcf7-validates-as-required\" aria-required=\"true\" aria-invalid=\"false\" placeholder=\"Cum dori\u021bi s\u0103 fi\u021bi contactat(\u0103) (Telefon\/Viber\/Whatsapp\/)\" value=\"\" type=\"text\" name=\"your-email\" \/><\/span><br \/>\n<span class=\"wpcf7-form-control-wrap\" data-name=\"your-phone\"><input size=\"40\" maxlength=\"400\" class=\"wpcf7-form-control wpcf7-text wpcf7-validates-as-required\" aria-required=\"true\" aria-invalid=\"false\" placeholder=\"Telefon\" value=\"\" type=\"text\" name=\"your-phone\" \/><\/span><br \/>\n<span class=\"wpcf7-form-control-wrap\" data-name=\"your-message\"><textarea cols=\"40\" rows=\"10\" maxlength=\"2000\" class=\"wpcf7-form-control wpcf7-textarea\" aria-invalid=\"false\" placeholder=\"Mesajul dvs.\" name=\"your-message\"><\/textarea><\/span><br \/>\n<input class=\"wpcf7-form-control wpcf7-submit has-spinner\" type=\"submit\" value=\"Trimite\" \/>\n\t<\/p>\n<\/div><p style=\"display: none !important;\" class=\"akismet-fields-container\" data-prefix=\"_wpcf7_ak_\"><label>&#916;<textarea name=\"_wpcf7_ak_hp_textarea\" cols=\"45\" rows=\"8\" maxlength=\"100\"><\/textarea><\/label><input type=\"hidden\" id=\"ak_js_1\" name=\"_wpcf7_ak_js\" value=\"20\"\/><script>document.getElementById( \"ak_js_1\" ).setAttribute( \"value\", ( new Date() ).getTime() );<\/script><\/p><div class=\"wpcf7-response-output\" aria-hidden=\"true\"><\/div>\n<\/form>\n<\/div>\n[\/vc_column][\/vc_row]<\/p>\n<\/div>","protected":false},"excerpt":{"rendered":"<p>[vc_row el_class=&#8221;practice-sidebar-details&#8221;][vc_column width=&#8221;2\/3&#8243; css=&#8221;.vc_custom_1560234610274{padding-right: 45px !important;}&#8221;][vc_single_image image=&#8221;1041&#8243; img_size=&#8221;full&#8221;][vc_column_text css=&#8221;&#8221;]Bunurile mobile \u0219i imobile ocup\u0103 un loc important \u00een rela\u021biile interpersonale, de afaceri sau de familie.\u00a0 Drepturile referitoare la un automobil, un teren, o planta\u021bie, o construc\u021bie comercial\u0103, o cas\u0103 sau un apartament pot devenit obiectul unui litigiu dintre membrii unei familii, parteneri de afaceri sau vecini&#8230;.<\/p>\n","protected":false},"author":1,"featured_media":0,"parent":611,"menu_order":0,"comment_status":"closed","ping_status":"closed","template":"","meta":{"om_disable_all_campaigns":false,"_monsterinsights_skip_tracking":false,"_monsterinsights_sitenote_active":false,"_monsterinsights_sitenote_note":"","_monsterinsights_sitenote_category":0,"footnotes":""},"class_list":["post-370","page","type-page","status-publish","hentry"],"aioseo_notices":[],"jetpack_sharing_enabled":true,"_links":{"self":[{"href":"https:\/\/avocatultau.md\/index.php?rest_route=\/wp\/v2\/pages\/370","targetHints":{"allow":["GET"]}}],"collection":[{"href":"https:\/\/avocatultau.md\/index.php?rest_route=\/wp\/v2\/pages"}],"about":[{"href":"https:\/\/avocatultau.md\/index.php?rest_route=\/wp\/v2\/types\/page"}],"author":[{"embeddable":true,"href":"https:\/\/avocatultau.md\/index.php?rest_route=\/wp\/v2\/users\/1"}],"replies":[{"embeddable":true,"href":"https:\/\/avocatultau.md\/index.php?rest_route=%2Fwp%2Fv2%2Fcomments&post=370"}],"version-history":[{"count":4,"href":"https:\/\/avocatultau.md\/index.php?rest_route=\/wp\/v2\/pages\/370\/revisions"}],"predecessor-version":[{"id":6114,"href":"https:\/\/avocatultau.md\/index.php?rest_route=\/wp\/v2\/pages\/370\/revisions\/6114"}],"up":[{"embeddable":true,"href":"https:\/\/avocatultau.md\/index.php?rest_route=\/wp\/v2\/pages\/611"}],"wp:attachment":[{"href":"https:\/\/avocatultau.md\/index.php?rest_route=%2Fwp%2Fv2%2Fmedia&parent=370"}],"curies":[{"name":"wp","href":"https:\/\/api.w.org\/{rel}","templated":true}]}}