{"id":2081,"date":"2019-06-26T12:19:59","date_gmt":"2019-06-26T12:19:59","guid":{"rendered":"http:\/\/192.168.0.107\/johnfirm\/?page_id=2081"},"modified":"2025-11-27T19:09:56","modified_gmt":"2025-11-27T19:09:56","slug":"home","status":"publish","type":"page","link":"https:\/\/avocatultau.md\/","title":{"rendered":"Avocatul T\u0103u"},"content":{"rendered":"<div class=\"wpb-content-wrapper\"><p>[vc_row equal_height=&#8221;yes&#8221; content_placement=&#8221;middle&#8221; css=&#8221;.vc_custom_1561359594888{padding-top: 120px !important;padding-bottom: 120px !important;}&#8221;][vc_column width=&#8221;7\/12&#8243; css=&#8221;.vc_custom_1561794208745{padding-top: 65px !important;padding-right: 80px !important;padding-bottom: 60px !important;padding-left: 60px !important;background-color: #faf8f7 !important;}&#8221; el_class=&#8221;moblc-plr15&#8243;]\r\n        <div class=\"rs-heading   vc_custom_1761071086526  \">\r\n        \t<div class=\"title-inner \">\r\n        \t\t       \t\t\r\n\t            <span class=\"sub-text \">Despre noi<\/span>\r\n\t            <h2 class=\"title \">Bine a\u021bi venit pe pagina cabinetului avocatului Bunduchi Anatolie<\/h2>\r\n\t            <div class=\"title-img bottom-img\"><\/div>\r\n\t        <\/div><\/div>[vc_column_text css=&#8221;.vc_custom_1761071120912{margin-bottom: 20px !important;}&#8221;]Cu o experien\u021b\u0103 de peste 10 ani \u00een domeniul juridic, oferim asisten\u021b\u0103 juridic\u0103 calificat\u0103 \u00een materia dreptului penal, contraven\u021bional, civil \u0219i familial \u00een etapa prejudiciar\u0103 \u0219i \u00een etapa examin\u0103rii cauzei \u00een judecat\u0103. \u00cen activitatea noastr\u0103 punem accent pe nevoile clientului \u0219i o colaborare str\u00e2ns\u0103 pentru crearea unei strategii eficiente de ap\u0103rare a drepturilor \u0219i intereselor aflate \u00een litigiu.[\/vc_column_text][vc_column_text css=&#8221;&#8221;]Consider\u0103m c\u0103 fiecare caz necesit\u0103 o solu\u021bie adaptat\u0103 situa\u021biei concrete ale clientului pentru asigurarea protec\u021biei drepturilor \u0219i intereselor sale legitime. Asisten\u021ba juridic\u0103 profesionist\u0103 acordat\u0103 la timp este cea care, de cele mai multe ori, face diferen\u021ba \u00eentr-un litigiu \u0219i permite utilizarea eficient\u0103 a tuturor mijloacelor prev\u0103zute de lege \u0219i cre\u0219te \u0219ansele de succes.[\/vc_column_text][vc_column_text css=&#8221;&#8221;]<strong>\u00a9 Avocat Bunduchi Anatolie<\/strong>[\/vc_column_text][\/vc_column][vc_column width=&#8221;5\/12&#8243; css=&#8221;.vc_custom_1561794342054{padding-top: 45px !important;padding-right: 50px !important;padding-bottom: 50px !important;padding-left: 50px !important;background-image: url(http:\/\/avocatultau.md\/wp-content\/uploads\/2019\/06\/video-bg.jpg?id=1963) !important;}&#8221; el_class=&#8221;free-con-view moblc-plr15&#8243;]\r\n        <div class=\"rs-heading   vc_custom_1761065877361 home-schedulefor \">\r\n        \t<div class=\"title-inner \">\r\n        \t\t       \t\t\r\n\t            <span style=\"color: #b69d74\" class=\"sub-text \">Contacteaz\u0103-ne pentru<\/span>\r\n\t            <h2 class=\"title \" style=\"color: #ffffff\">Consulta\u021bie<\/h2>\r\n\t            <div class=\"title-img bottom-img\"><\/div>\r\n\t        <\/div><\/div>\n<div class=\"wpcf7 no-js\" id=\"wpcf7-f1482-o1\" lang=\"en-US\" dir=\"ltr\" data-wpcf7-id=\"1482\">\n<div class=\"screen-reader-response\"><p role=\"status\" aria-live=\"polite\" aria-atomic=\"true\"><\/p> <ul><\/ul><\/div>\n<form action=\"\/index.php?rest_route=%2Fwp%2Fv2%2Fpages%2F2081#wpcf7-f1482-o1\" method=\"post\" class=\"wpcf7-form init\" aria-label=\"Contact form\" novalidate=\"novalidate\" data-status=\"init\">\n<fieldset class=\"hidden-fields-container\"><input type=\"hidden\" name=\"_wpcf7\" value=\"1482\" \/><input type=\"hidden\" name=\"_wpcf7_version\" value=\"6.1.3\" \/><input type=\"hidden\" name=\"_wpcf7_locale\" value=\"en_US\" \/><input type=\"hidden\" name=\"_wpcf7_unit_tag\" value=\"wpcf7-f1482-o1\" \/><input type=\"hidden\" name=\"_wpcf7_container_post\" value=\"0\" \/><input type=\"hidden\" name=\"_wpcf7_posted_data_hash\" value=\"\" \/>\n<\/fieldset>\n<div class=\"practice-areas-form\">\n\t<h3 class=\"widgettitle\">Solicit\u0103 o consulta\u021bie\n\t<\/h3>\n\t<p><span class=\"wpcf7-form-control-wrap\" data-name=\"your-name\"><input size=\"40\" maxlength=\"400\" class=\"wpcf7-form-control wpcf7-text wpcf7-validates-as-required\" aria-required=\"true\" aria-invalid=\"false\" placeholder=\"Numele dvs.\" value=\"\" type=\"text\" name=\"your-name\" \/><\/span><br \/>\n<span class=\"wpcf7-form-control-wrap\" data-name=\"your-email\"><input size=\"40\" maxlength=\"400\" class=\"wpcf7-form-control wpcf7-text wpcf7-validates-as-required\" aria-required=\"true\" aria-invalid=\"false\" placeholder=\"Cum dori\u021bi s\u0103 fi\u021bi contactat(\u0103) (Telefon\/Viber\/Whatsapp\/)\" value=\"\" type=\"text\" name=\"your-email\" \/><\/span><br \/>\n<span class=\"wpcf7-form-control-wrap\" data-name=\"your-phone\"><input size=\"40\" maxlength=\"400\" class=\"wpcf7-form-control wpcf7-text wpcf7-validates-as-required\" aria-required=\"true\" aria-invalid=\"false\" placeholder=\"Telefon\" value=\"\" type=\"text\" name=\"your-phone\" \/><\/span><br \/>\n<span class=\"wpcf7-form-control-wrap\" data-name=\"your-message\"><textarea cols=\"40\" rows=\"10\" maxlength=\"2000\" class=\"wpcf7-form-control wpcf7-textarea\" aria-invalid=\"false\" placeholder=\"Mesajul dvs.\" name=\"your-message\"><\/textarea><\/span><br \/>\n<input class=\"wpcf7-form-control wpcf7-submit has-spinner\" type=\"submit\" value=\"Trimite\" \/>\n\t<\/p>\n<\/div><p style=\"display: none !important;\" class=\"akismet-fields-container\" data-prefix=\"_wpcf7_ak_\"><label>&#916;<textarea name=\"_wpcf7_ak_hp_textarea\" cols=\"45\" rows=\"8\" maxlength=\"100\"><\/textarea><\/label><input type=\"hidden\" id=\"ak_js_1\" name=\"_wpcf7_ak_js\" value=\"46\"\/><script>document.getElementById( \"ak_js_1\" ).setAttribute( \"value\", ( new Date() ).getTime() );<\/script><\/p><div class=\"wpcf7-response-output\" aria-hidden=\"true\"><\/div>\n<\/form>\n<\/div>\n[\/vc_column][\/vc_row][vc_row full_width=&#8221;stretch_row&#8221; equal_height=&#8221;yes&#8221; content_placement=&#8221;middle&#8221; css=&#8221;.vc_custom_1561615935487{padding-top: 85px !important;padding-bottom: 120px !important;background-color: #faf8f7 !important;}&#8221; el_class=&#8221;mob-plr15&#8243;][vc_column width=&#8221;1\/3&#8243; css=&#8221;.vc_custom_1561618938282{margin-top: 30px !important;margin-right: 10px !important;padding-top: 60px !important;padding-right: 60px !important;padding-bottom: 60px !important;padding-left: 60px !important;background-color: #ffffff !important;}&#8221; el_class=&#8221;moblc-plr15&#8243;]\r\n        <div class=\"rs-heading   vc_custom_1761072102944  \">\r\n        \t<div class=\"title-inner \">\r\n        \t\t       \t\t\r\n\t            <span style=\"color: #b69d74\" class=\"sub-text \">Activitatea noastr\u0103<\/span>\r\n\t            <h2 class=\"title \" style=\"color: #1f2839\">Domeniile de specializare<\/h2>\r\n\t            <div class=\"title-img bottom-img\"><\/div>\r\n\t        <\/div><\/div>\r\n        <div class=\"rs-heading   vc_custom_1761072738699  \">\r\n        \t<div class=\"title-inner \">\r\n        \t\t       \t\t\r\n\t            \r\n\t            \r\n\t            <div class=\"title-img bottom-img\"><\/div>\r\n\t        <\/div><div class=\"description\" ><p>Oferim asisten\u021b\u0103 juridic\u0103 calificat\u0103 \u00een urm\u0103toarele domenii ale dreptului<\/p><\/div><\/div>[vc_row_inner css=&#8221;.vc_custom_1561794527148{margin-top: 30px !important;}&#8221;][vc_column_inner]<div class=\"rs-btn btn-left \">\r\n\t<a data-onhovercolor=\"#fff\" data-bordercolor=\"#b69d74\" data-onhoverbg=\"#b69d74\" data-onleavebg=\"#b69d74\" data-onleavecolor=\"#fff\" class=\"readon rs_button \" href=\"https:\/\/avocatultau.md\/?page_id=611\" style =\"color:#fff;background:#b69d74;border-color:#b69d74;\">Vezi mai multe detalii<\/a>\r\n<\/div>\r\n\r\n[\/vc_column_inner][\/vc_row_inner][\/vc_column][vc_column width=&#8221;2\/3&#8243; css=&#8221;.vc_custom_1561615608263{padding-top: 0px !important;}&#8221;][vc_row_inner css=&#8221;.vc_custom_1561616294258{margin-top: 30px !important;margin-bottom: 30px !important;}&#8221;][vc_column_inner width=&#8221;1\/2&#8243;]<div class=\"rs-services\"><div class=\"service-inner services-style-home1 services-left  vc_custom_1763916877006 \">\r\n\t\t\t\t<div class=\"services-wrap\"> \r\n\t\t\t        <div class=\"services-item\"><div class=\"service-img-icon\"><img decoding=\"async\" src=\"https:\/\/avocatultau.md\/wp-content\/uploads\/2019\/06\/family.png\" alt=\" \"><\/div><div class=\"services-desc\"  >\t\r\n\t\t\t\t\t\t\t<h3 class=\"services-title services-title2\" style=\"\"><a data-onhovercolor=\"#b69d74\" data-onleavecolor=\"#1f2839\" href=\"https:\/\/avocatultau.md\/?page_id=368\" title=\"Afl\u0103 mai multe\" style=\"color: #1f2839;font-size: 22px;\">Dreptul familiei<\/a><\/h3>\t\t\r\n\t\t\t\t\t\t\t<p  style=\"color: #767676\">Divor\u021buri, custodia copilului, traversarea frontierei cu minorul, conven\u021bii matrimoniale \u0219.a.<\/p>\r\n\t\t\t\t\t\t\t\r\n\t\t\t\t\t\t<\/div>\t\t\r\n\t\t\t\t\t<\/div>\t\r\n\t\t\t\t<\/div>\r\n\t\t\t<\/div>\r\n\t\t<\/div>[\/vc_column_inner][vc_column_inner el_class=&#8221;dark-bg mobc-pt-30&#8243; width=&#8221;1\/2&#8243;]<div class=\"rs-services\"><div class=\"service-inner services-style-home1 services-left  vc_custom_1763916916657 \">\r\n\t\t\t\t<div class=\"services-wrap\"> \r\n\t\t\t        <div class=\"services-item\"><div class=\"service-img-icon\"><img decoding=\"async\" src=\"https:\/\/avocatultau.md\/wp-content\/uploads\/2019\/06\/personal-injury.png\" alt=\" \"><\/div><div class=\"services-desc\"  >\t\r\n\t\t\t\t\t\t\t<h3 class=\"services-title services-title2\" style=\"\"><a data-onhovercolor=\"#b69d74\" data-onleavecolor=\"#1f2839\" href=\"https:\/\/avocatultau.md\/?page_id=856\" title=\"Afl\u0103 mai multe\" style=\"color: #1f2839;font-size: 22px;\">Dreptul penal<\/a><\/h3>\t\t\r\n\t\t\t\t\t\t\t<p  style=\"color: #767676\">\u00centr-un proces penal asisten\u021ba juridic\u0103 calificat\u0103 este necesar\u0103 at\u00e2t f\u0103ptuitorului c\u00e2t \u0219i victimei.<\/p>\r\n\t\t\t\t\t\t\t\r\n\t\t\t\t\t\t<\/div>\t\t\r\n\t\t\t\t\t<\/div>\t\r\n\t\t\t\t<\/div>\r\n\t\t\t<\/div>\r\n\t\t<\/div>[\/vc_column_inner][\/vc_row_inner][vc_row_inner][vc_column_inner width=&#8221;1\/2&#8243;]<div class=\"rs-services\"><div class=\"service-inner services-style-home1 services-left  vc_custom_1763916943284 \">\r\n\t\t\t\t<div class=\"services-wrap\"> \r\n\t\t\t        <div class=\"services-item\"><div class=\"service-img-icon\"><img decoding=\"async\" src=\"https:\/\/avocatultau.md\/wp-content\/uploads\/2019\/06\/business-law.png\" alt=\" \"><\/div><div class=\"services-desc\"  >\t\r\n\t\t\t\t\t\t\t<h3 class=\"services-title services-title2\" style=\"\"><a data-onhovercolor=\"#b69d74\" data-onleavecolor=\"#1f2839\" href=\"https:\/\/avocatultau.md\/?page_id=372\" title=\"Afl\u0103 mai multe\" style=\"color: #1f2839;font-size: 22px;\">Dreptul civil<\/a><\/h3>\t\t\r\n\t\t\t\t\t\t\t<p  style=\"color: #767676\">Litigii privind obliga\u021biile contractuale, mo\u0219teniri, partajul averii, asisten\u021b\u0103 la \u00eencheierea contractelor \u0219.a.<\/p>\r\n\t\t\t\t\t\t\t\r\n\t\t\t\t\t\t<\/div>\t\t\r\n\t\t\t\t\t<\/div>\t\r\n\t\t\t\t<\/div>\r\n\t\t\t<\/div>\r\n\t\t<\/div>[\/vc_column_inner][vc_column_inner el_class=&#8221;dark-bg mobc-pt-30&#8243; width=&#8221;1\/2&#8243;]<div class=\"rs-services\"><div class=\"service-inner services-style-home1 services-left  vc_custom_1763916979607 \">\r\n\t\t\t\t<div class=\"services-wrap\"> \r\n\t\t\t        <div class=\"services-item\"><div class=\"service-img-icon\"><img decoding=\"async\" src=\"https:\/\/avocatultau.md\/wp-content\/uploads\/2019\/06\/corporate-security.png\" alt=\" \"><\/div><div class=\"services-desc\"  >\t\r\n\t\t\t\t\t\t\t<h3 class=\"services-title services-title2\" style=\"\"><a data-onhovercolor=\"#b69d74\" data-onleavecolor=\"#1f2839\" href=\"https:\/\/avocatultau.md\/?page_id=364\" title=\"Afl\u0103 mai multe\" style=\"color: #1f2839;font-size: 22px;\">Dreptul contraven\u021bional<\/a><\/h3>\t\t\r\n\t\t\t\t\t\t\t<p  style=\"color: #767676\">Reprezentarea \u00een fa\u021ba autorit\u0103\u021bilor statului \u00een procesele contraven\u021bionale, contestarea proceselor &#8211; verbale \u0219.a.<\/p>\r\n\t\t\t\t\t\t\t\r\n\t\t\t\t\t\t<\/div>\t\t\r\n\t\t\t\t\t<\/div>\t\r\n\t\t\t\t<\/div>\r\n\t\t\t<\/div>\r\n\t\t<\/div>[\/vc_column_inner][\/vc_row_inner][\/vc_column][\/vc_row]<\/p>\n<\/div>","protected":false},"excerpt":{"rendered":"<p>[vc_row equal_height=&#8221;yes&#8221; content_placement=&#8221;middle&#8221; css=&#8221;.vc_custom_1561359594888{padding-top: 120px !important;padding-bottom: 120px !important;}&#8221;][vc_column width=&#8221;7\/12&#8243; css=&#8221;.vc_custom_1561794208745{padding-top: 65px !important;padding-right: 80px !important;padding-bottom: 60px !important;padding-left: 60px !important;background-color: #faf8f7 !important;}&#8221; el_class=&#8221;moblc-plr15&#8243;][vc_column_text css=&#8221;.vc_custom_1761071120912{margin-bottom: 20px !important;}&#8221;]Cu o experien\u021b\u0103 de peste 10 ani \u00een domeniul juridic, oferim asisten\u021b\u0103 juridic\u0103 calificat\u0103 \u00een materia dreptului penal, contraven\u021bional, civil \u0219i familial \u00een etapa prejudiciar\u0103 \u0219i \u00een etapa examin\u0103rii cauzei \u00een judecat\u0103&#8230;.<\/p>\n","protected":false},"author":1,"featured_media":0,"parent":0,"menu_order":0,"comment_status":"closed","ping_status":"closed","template":"","meta":{"om_disable_all_campaigns":false,"_monsterinsights_skip_tracking":false,"_monsterinsights_sitenote_active":false,"_monsterinsights_sitenote_note":"","_monsterinsights_sitenote_category":0,"footnotes":""},"class_list":["post-2081","page","type-page","status-publish","hentry"],"aioseo_notices":[],"jetpack_sharing_enabled":true,"_links":{"self":[{"href":"https:\/\/avocatultau.md\/index.php?rest_route=\/wp\/v2\/pages\/2081","targetHints":{"allow":["GET"]}}],"collection":[{"href":"https:\/\/avocatultau.md\/index.php?rest_route=\/wp\/v2\/pages"}],"about":[{"href":"https:\/\/avocatultau.md\/index.php?rest_route=\/wp\/v2\/types\/page"}],"author":[{"embeddable":true,"href":"https:\/\/avocatultau.md\/index.php?rest_route=\/wp\/v2\/users\/1"}],"replies":[{"embeddable":true,"href":"https:\/\/avocatultau.md\/index.php?rest_route=%2Fwp%2Fv2%2Fcomments&post=2081"}],"version-history":[{"count":22,"href":"https:\/\/avocatultau.md\/index.php?rest_route=\/wp\/v2\/pages\/2081\/revisions"}],"predecessor-version":[{"id":6154,"href":"https:\/\/avocatultau.md\/index.php?rest_route=\/wp\/v2\/pages\/2081\/revisions\/6154"}],"wp:attachment":[{"href":"https:\/\/avocatultau.md\/index.php?rest_route=%2Fwp%2Fv2%2Fmedia&parent=2081"}],"curies":[{"name":"wp","href":"https:\/\/api.w.org\/{rel}","templated":true}]}}